{"id":15405,"date":"2025-11-07T00:42:56","date_gmt":"2025-11-07T00:42:56","guid":{"rendered":"https:\/\/www.gonorse.com.br\/?post_type=product&#038;p=15405"},"modified":"2026-03-03T17:56:50","modified_gmt":"2026-03-03T17:56:50","slug":"gonorse-plus-escandinavia-suecia-dinamarca-e-noruega-15-dias","status":"publish","type":"product","link":"https:\/\/www.gonorse.com.br\/en\/product\/gonorse-plus-escandinavia-suecia-dinamarca-e-noruega-15-dias\/","title":{"rendered":"GoNorse Plus \u2013 Escandin\u00e1via: Su\u00e9cia, Dinamarca e Noruega (15 dias)"},"content":{"rendered":"<p><span style=\"font-weight: 400;\">Conforto, localiza\u00e7\u00e3o central e a Escandin\u00e1via em sua melhor forma.<\/span><\/p>\n<h3><b>Descri\u00e7\u00e3o<\/b><\/h3>\n<p><span style=\"font-weight: 400;\">O <\/span><b>GoNorse Plus<\/b><span style=\"font-weight: 400;\"> foi criado para quem deseja viver a Escandin\u00e1via com <\/span><b>conforto superior<\/b><span style=\"font-weight: 400;\"> e <\/span><b>hospedagem em localiza\u00e7\u00f5es privilegiadas<\/b><span style=\"font-weight: 400;\">, pr\u00f3ximas \u00e0s principais atra\u00e7\u00f5es, com estrutura completa para descansar entre um passeio e outro.<\/span><span style=\"font-weight: 400;\"><br \/>\n<\/span><span style=\"font-weight: 400;\"> Em <\/span><b>15 dias<\/b><span style=\"font-weight: 400;\">, voc\u00ea atravessa <\/span><b>Su\u00e9cia, Dinamarca e Noruega<\/b><span style=\"font-weight: 400;\"> por trem, barco e cruzeiro, combinando hist\u00f3ria viva, design n\u00f3rdico e paisagens que v\u00e3o de canais e castelos aos fiordes mais famosos do mundo.<\/span><span style=\"font-weight: 400;\"><br \/>\n<\/span><span style=\"font-weight: 400;\"> \u00c9 a jornada completa, com a curadoria cultural da GoNorse e um toque extra de bem-estar di\u00e1rio.<\/span><\/p>\n<h3><b>\u00c9poca Ideal<\/b><\/h3>\n<p><span style=\"font-weight: 400;\">De <\/span><b>maio a setembro<\/b><span style=\"font-weight: 400;\">, quando os dias s\u00e3o longos, o clima \u00e9 agrad\u00e1vel e as cidades e fiordes est\u00e3o no auge para passeios ao ar livre.<\/span><\/p>\n<h2><b>Valores<\/b><\/h2>\n<p><strong>QUARTO DUPLO:<\/strong> R$ 52.890<br \/>\n<strong>QUARTO SINGLE:<\/strong> R$ 68.560<\/p>\n<p>Os valores podem sofrer altera\u00e7\u00f5es mediante o prazo de fechamento da viagem e disponibilidade de hot\u00e9is. Solicite uma cota\u00e7\u00e3o para a data da sua viagem.<\/p>\n<h2><b>Formas de Pagamento<\/b><\/h2>\n<p><strong>5% de desconto<\/strong> \u00e0 vista no boleto banc\u00e1rio<br \/>\n6x sem juros no Cart\u00e3o de Cr\u00e9dito<br \/>\nEntrada de 30% + 9x sem juros no Cart\u00e3o de Cr\u00e9dito<br \/>\n12x com acr\u00e9scimo no Cart\u00e3o de Cr\u00e9dito<\/p>","protected":false},"excerpt":{"rendered":"Conforto, localiza\u00e7\u00e3o central e a Escandin\u00e1via em sua melhor forma.","protected":false},"featured_media":15065,"template":"","meta":{"_acf_changed":false,"content-type":""},"product_brand":[],"product_cat":[229],"product_tag":[],"class_list":{"0":"post-15405","1":"product","2":"type-product","3":"status-publish","4":"has-post-thumbnail","6":"product_format-product-format-tour","7":"product_cat-roteiros","8":"pa_idioma-do-guia-guia-em-ingles","9":"pa_idioma-do-guia-guia-em-portugues","10":"pa_interesse-principal-paisagens-de-outono","11":"pa_interesse-principal-paisagens-de-verao","12":"pa_locations-dinamarca","13":"pa_locations-noruega","14":"pa_locations-suecia","15":"pa_perfil-da-viagem-individual-ou-com-amigos","17":"first","18":"instock","19":"shipping-taxable","20":"product-type-simple"},"acf":[],"_links":{"self":[{"href":"https:\/\/www.gonorse.com.br\/en\/wp-json\/wp\/v2\/product\/15405","targetHints":{"allow":["GET"]}}],"collection":[{"href":"https:\/\/www.gonorse.com.br\/en\/wp-json\/wp\/v2\/product"}],"about":[{"href":"https:\/\/www.gonorse.com.br\/en\/wp-json\/wp\/v2\/types\/product"}],"version-history":[{"count":3,"href":"https:\/\/www.gonorse.com.br\/en\/wp-json\/wp\/v2\/product\/15405\/revisions"}],"predecessor-version":[{"id":16499,"href":"https:\/\/www.gonorse.com.br\/en\/wp-json\/wp\/v2\/product\/15405\/revisions\/16499"}],"wp:featuredmedia":[{"embeddable":true,"href":"https:\/\/www.gonorse.com.br\/en\/wp-json\/wp\/v2\/media\/15065"}],"wp:attachment":[{"href":"https:\/\/www.gonorse.com.br\/en\/wp-json\/wp\/v2\/media?parent=15405"}],"wp:term":[{"taxonomy":"product_brand","embeddable":true,"href":"https:\/\/www.gonorse.com.br\/en\/wp-json\/wp\/v2\/product_brand?post=15405"},{"taxonomy":"product_cat","embeddable":true,"href":"https:\/\/www.gonorse.com.br\/en\/wp-json\/wp\/v2\/product_cat?post=15405"},{"taxonomy":"product_tag","embeddable":true,"href":"https:\/\/www.gonorse.com.br\/en\/wp-json\/wp\/v2\/product_tag?post=15405"}],"curies":[{"name":"wp","href":"https:\/\/api.w.org\/{rel}","templated":true}]}}