{"id":14741,"date":"2025-10-30T16:29:37","date_gmt":"2025-10-30T16:29:37","guid":{"rendered":"https:\/\/www.gonorse.com.br\/?post_type=product&#038;p=14741"},"modified":"2026-03-03T19:07:26","modified_gmt":"2026-03-03T19:07:26","slug":"gonorse-classic-escandinavia-suecia-dinamarca-e-noruega-15-dias","status":"publish","type":"product","link":"https:\/\/www.gonorse.com.br\/en\/product\/gonorse-classic-escandinavia-suecia-dinamarca-e-noruega-15-dias\/","title":{"rendered":"GoNorse Classic \u2013 Escandin\u00e1via: Su\u00e9cia, Dinamarca e Noruega (15 dias)"},"content":{"rendered":"<p><span style=\"font-weight: 400;\">Uma jornada completa pela alma n\u00f3rdica \u2014 onde hist\u00f3ria, natureza e cultura se encontram em cada paisagem.<\/span><\/p>\n<h3><b>Descri\u00e7\u00e3o<\/b><\/h3>\n<p><span style=\"font-weight: 400;\">Embarque em uma viagem que atravessa tr\u00eas dos pa\u00edses mais inspiradores da Europa: <\/span><b>Su\u00e9cia, Dinamarca e Noruega<\/b><span style=\"font-weight: 400;\">.<\/span><span style=\"font-weight: 400;\"><br \/>\n<\/span><span style=\"font-weight: 400;\"> Com o <\/span><b>GoNorse Classic \u2013 Escandin\u00e1via<\/b><span style=\"font-weight: 400;\">, voc\u00ea viver\u00e1 quinze dias intensos, explorando <\/span><b>cidades vibrantes, mares gelados, montanhas eternas e fiordes lend\u00e1rios<\/b><span style=\"font-weight: 400;\">. Um roteiro cultural e panor\u00e2mico, cuidadosamente desenhado para viajantes que desejam conhecer o norte europeu com economia, conforto, organiza\u00e7\u00e3o e autenticidade.<\/span><\/p>\n<p><span style=\"font-weight: 400;\">De <\/span><b>Estocolmo<\/b><span style=\"font-weight: 400;\">, com seus canais e pal\u00e1cios, \u00e0 <\/span><b>Copenhague<\/b><span style=\"font-weight: 400;\"> dos castelos e filosofia hygge, at\u00e9 a <\/span><b>Noruega dos fiordes e vilarejos costeiros<\/b><span style=\"font-weight: 400;\">, cada parada revela um novo ritmo, uma nova paisagem, uma nova forma de viver.<\/span><span style=\"font-weight: 400;\"><br \/>\n<\/span><span style=\"font-weight: 400;\"> A viagem combina <\/span><b>experi\u00eancias urbanas, hist\u00f3ria viva e natureza arrebatadora<\/b><span style=\"font-weight: 400;\">, conduzida com a seguran\u00e7a e o suporte que s\u00f3 a GoNorse oferece.<\/span><\/p>\n<h3><b>\u00c9poca Ideal<\/b><\/h3>\n<p><span style=\"font-weight: 400;\">De <\/span><b>maio a setembro<\/b><span style=\"font-weight: 400;\">, quando os dias s\u00e3o longos, o clima \u00e9 agrad\u00e1vel e as paisagens mostram a Escandin\u00e1via em sua forma mais viva e luminosa.<\/span><\/p>\n<h2><b>Valores<\/b><\/h2>\n<p><strong>QUARTO DUPLO:<\/strong> R$ 43.850<br \/>\n<strong>QUARTO SINGLE:<\/strong> R$ 55.982<\/p>\n<p>Os valores podem sofrer altera\u00e7\u00f5es mediante o prazo de fechamento da viagem e disponibilidade de hot\u00e9is. Solicite uma cota\u00e7\u00e3o para a data da sua viagem.<\/p>\n<h2><b>Formas de Pagamento<\/b><\/h2>\n<p><strong>5% de desconto<\/strong> \u00e0 vista no boleto banc\u00e1rio<br \/>\n6x sem juros no Cart\u00e3o de Cr\u00e9dito<br \/>\nEntrada de 30% + 9x sem juros no Cart\u00e3o de Cr\u00e9dito<br \/>\n12x com acr\u00e9scimo no Cart\u00e3o de Cr\u00e9dito<\/p>","protected":false},"excerpt":{"rendered":"Uma jornada completa pela alma n\u00f3rdica \u2014 onde hist\u00f3ria, natureza e cultura se encontram em cada paisagem.","protected":false},"featured_media":15332,"template":"","meta":{"_acf_changed":false,"content-type":""},"product_brand":[],"product_cat":[229],"product_tag":[],"class_list":{"0":"post-14741","1":"product","2":"type-product","3":"status-publish","4":"has-post-thumbnail","6":"product_format-product-format-tour","7":"product_cat-roteiros","8":"pa_idioma-do-guia-guia-em-ingles","9":"pa_idioma-do-guia-guia-em-portugues","10":"pa_interesse-principal-paisagens-de-outono","11":"pa_interesse-principal-paisagens-de-verao","12":"pa_locations-dinamarca","13":"pa_locations-noruega","14":"pa_locations-suecia","15":"pa_mes-estacao-do-ano-agosto","16":"pa_mes-estacao-do-ano-julho","17":"pa_mes-estacao-do-ano-junho","18":"pa_mes-estacao-do-ano-maio","19":"pa_mes-estacao-do-ano-setembro","21":"first","22":"instock","23":"shipping-taxable","24":"product-type-simple"},"acf":[],"_links":{"self":[{"href":"https:\/\/www.gonorse.com.br\/en\/wp-json\/wp\/v2\/product\/14741","targetHints":{"allow":["GET"]}}],"collection":[{"href":"https:\/\/www.gonorse.com.br\/en\/wp-json\/wp\/v2\/product"}],"about":[{"href":"https:\/\/www.gonorse.com.br\/en\/wp-json\/wp\/v2\/types\/product"}],"version-history":[{"count":4,"href":"https:\/\/www.gonorse.com.br\/en\/wp-json\/wp\/v2\/product\/14741\/revisions"}],"predecessor-version":[{"id":16497,"href":"https:\/\/www.gonorse.com.br\/en\/wp-json\/wp\/v2\/product\/14741\/revisions\/16497"}],"wp:featuredmedia":[{"embeddable":true,"href":"https:\/\/www.gonorse.com.br\/en\/wp-json\/wp\/v2\/media\/15332"}],"wp:attachment":[{"href":"https:\/\/www.gonorse.com.br\/en\/wp-json\/wp\/v2\/media?parent=14741"}],"wp:term":[{"taxonomy":"product_brand","embeddable":true,"href":"https:\/\/www.gonorse.com.br\/en\/wp-json\/wp\/v2\/product_brand?post=14741"},{"taxonomy":"product_cat","embeddable":true,"href":"https:\/\/www.gonorse.com.br\/en\/wp-json\/wp\/v2\/product_cat?post=14741"},{"taxonomy":"product_tag","embeddable":true,"href":"https:\/\/www.gonorse.com.br\/en\/wp-json\/wp\/v2\/product_tag?post=14741"}],"curies":[{"name":"wp","href":"https:\/\/api.w.org\/{rel}","templated":true}]}}