{"id":14670,"date":"2025-10-30T03:21:36","date_gmt":"2025-10-30T03:21:36","guid":{"rendered":"https:\/\/www.gonorse.com.br\/?post_type=product&#038;p=14670"},"modified":"2026-02-19T11:50:42","modified_gmt":"2026-02-19T11:50:42","slug":"gonorse-premium-tromso-premium-aurora-boreal-7-dias","status":"publish","type":"product","link":"https:\/\/www.gonorse.com.br\/en\/product\/gonorse-premium-tromso-premium-aurora-boreal-7-dias\/","title":{"rendered":"GoNorse Premium \u2013 Troms\u00f8 Premium Aurora Boreal (7 dias)"},"content":{"rendered":"<p><i>A experi\u00eancia definitiva no cora\u00e7\u00e3o do \u00c1rtico: luxo, cultura e as luzes dan\u00e7antes do norte.<\/i><\/p>\n<h3><b>Descri\u00e7\u00e3o Geral<\/b><\/h3>\n<p><span style=\"font-weight: 400;\">A categoria <\/span><b>GoNorse Premium<\/b><span style=\"font-weight: 400;\"> \u00e9 uma imers\u00e3o refinada na Noruega \u00c1rtica \u2014 uma combina\u00e7\u00e3o perfeita de natureza, conforto e experi\u00eancias memor\u00e1veis. Nesta jornada de sete dias, o viajante desfruta de hospedagem em hot\u00e9is 4\u2605 superior, traslados privativos, ca\u00e7adas \u00e0 aurora com fot\u00f3grafos e guias especializados, viv\u00eancias culturais exclusivas e momentos de pura contempla\u00e7\u00e3o sob o c\u00e9u polar.<\/span><span style=\"font-weight: 400;\"><br \/>\n<\/span><span style=\"font-weight: 400;\"> Cada detalhe \u00e9 pensado para transformar sua viagem em uma experi\u00eancia inesquec\u00edvel: desde o <\/span><b>concierge GoNorse<\/b><span style=\"font-weight: 400;\">, pronto para personalizar seu roteiro, at\u00e9 os <\/span><b>passeios gastron\u00f4micos<\/b><span style=\"font-weight: 400;\"> que unem o melhor da culin\u00e1ria n\u00f3rdica \u00e0 magia das luzes boreais.<br \/>\n<\/span><\/p>\n<h3><b>\u00c9poca ideal<\/b><\/h3>\n<p><span style=\"font-weight: 400;\">De final de <b>setembro a in\u00edcio de abril<\/b>, quando o c\u00e9u polar oferece as melhores condi\u00e7\u00f5es para a observa\u00e7\u00e3o da <b>Aurora Boreal<\/b> e para viv\u00eancias aut\u00eanticas da cultura e natureza \u00e1rticas. Os <b>safaris de baleias est\u00e3o dispon\u00edveis de novembro a janeiro<\/b>.<br \/>\n<\/span><\/p>\n<h2><b>Valores<\/b><\/h2>\n<p><strong>QUARTO DUPLO:<\/strong> R$ 34.650<br \/>\n<strong>QUARTO SINGLE:<\/strong> R$ 42.270<\/p>\n<p>Os valores podem sofrer altera\u00e7\u00f5es mediante o prazo de fechamento da viagem e disponibilidade de hot\u00e9is. Solicite uma cota\u00e7\u00e3o para a data da sua viagem.<\/p>\n<h2><b>Formas de Pagamento<\/b><\/h2>\n<p><strong>5% de desconto<\/strong> \u00e0 vista no boleto banc\u00e1rio<br \/>\n6x sem juros no Cart\u00e3o de Cr\u00e9dito<br \/>\nEntrada de 30% + 9x sem juros no Cart\u00e3o de Cr\u00e9dito<br \/>\n12x com acr\u00e9scimo no Cart\u00e3o de Cr\u00e9dito<\/p>","protected":false},"excerpt":{"rendered":"A experi\u00eancia definitiva no cora\u00e7\u00e3o do \u00c1rtico: luxo, cultura e as luzes dan\u00e7antes do norte.","protected":false},"featured_media":15217,"template":"","meta":{"_acf_changed":false,"content-type":""},"product_brand":[],"product_cat":[229],"product_tag":[],"class_list":{"0":"post-14670","1":"product","2":"type-product","3":"status-publish","4":"has-post-thumbnail","6":"product_format-product-format-tour","7":"product_cat-roteiros","9":"first","10":"instock","11":"shipping-taxable","12":"product-type-simple"},"acf":[],"_links":{"self":[{"href":"https:\/\/www.gonorse.com.br\/en\/wp-json\/wp\/v2\/product\/14670","targetHints":{"allow":["GET"]}}],"collection":[{"href":"https:\/\/www.gonorse.com.br\/en\/wp-json\/wp\/v2\/product"}],"about":[{"href":"https:\/\/www.gonorse.com.br\/en\/wp-json\/wp\/v2\/types\/product"}],"version-history":[{"count":5,"href":"https:\/\/www.gonorse.com.br\/en\/wp-json\/wp\/v2\/product\/14670\/revisions"}],"predecessor-version":[{"id":16487,"href":"https:\/\/www.gonorse.com.br\/en\/wp-json\/wp\/v2\/product\/14670\/revisions\/16487"}],"wp:featuredmedia":[{"embeddable":true,"href":"https:\/\/www.gonorse.com.br\/en\/wp-json\/wp\/v2\/media\/15217"}],"wp:attachment":[{"href":"https:\/\/www.gonorse.com.br\/en\/wp-json\/wp\/v2\/media?parent=14670"}],"wp:term":[{"taxonomy":"product_brand","embeddable":true,"href":"https:\/\/www.gonorse.com.br\/en\/wp-json\/wp\/v2\/product_brand?post=14670"},{"taxonomy":"product_cat","embeddable":true,"href":"https:\/\/www.gonorse.com.br\/en\/wp-json\/wp\/v2\/product_cat?post=14670"},{"taxonomy":"product_tag","embeddable":true,"href":"https:\/\/www.gonorse.com.br\/en\/wp-json\/wp\/v2\/product_tag?post=14670"}],"curies":[{"name":"wp","href":"https:\/\/api.w.org\/{rel}","templated":true}]}}