{"id":14667,"date":"2025-10-29T20:11:29","date_gmt":"2025-10-29T20:11:29","guid":{"rendered":"https:\/\/www.gonorse.com.br\/?post_type=product&#038;p=14667"},"modified":"2026-02-19T11:49:44","modified_gmt":"2026-02-19T11:49:44","slug":"gonorse-classic-tromso-aurora-boreal-classic-7-dias","status":"publish","type":"product","link":"https:\/\/www.gonorse.com.br\/en\/product\/gonorse-classic-tromso-aurora-boreal-classic-7-dias\/","title":{"rendered":"GoNorse Classic \u2013 Troms\u00f8 Aurora Boreal Classic (7 dias)"},"content":{"rendered":"<p>Uma imers\u00e3o no \u00c1rtico noruegu\u00eas com hospedagem confort\u00e1vel, experi\u00eancias aut\u00eanticas e a magia da aurora boreal.<\/p>\n<h3><b>Descri\u00e7\u00e3o<\/b><\/h3>\n<p><span style=\"font-weight: 400;\">Descubra o \u00c1rtico noruegu\u00eas em sua forma mais acess\u00edvel e fascinante com o roteiro <\/span><b>GoNorse Classic \u2013 Troms\u00f8 Aurora Boreal<\/b><span style=\"font-weight: 400;\">. Durante sete dias, voc\u00ea ir\u00e1 explorar a vibrante cidade de Troms\u00f8, suas paisagens \u00e1rticas, costa de fiordes e, claro, buscar o espet\u00e1culo da Aurora Borealis \u2014 um dos fen\u00f4menos naturais mais impressionantes do planeta. Hospedagem bem localizada, traslados organizados e suporte da GoNorse garantem uma experi\u00eancia fluida e bem conduzida.<\/span><span style=\"font-weight: 400;\"><br \/>\n<\/span><span style=\"font-weight: 400;\"> Ideal para quem busca entrar em contato com o \u00c1rtico economizando e sem abrir m\u00e3o de conforto e tranquilidade, este roteiro combina momentos de contempla\u00e7\u00e3o, passeios e noites de aventura sob o c\u00e9u polar. Prepare-se para paisagens que parecem de outro mundo, com montanhas, fiordes e luzes que dan\u00e7am no c\u00e9u.<\/span><\/p>\n<h3><b>\u00a0\u00c9poca ideal<\/b><\/h3>\n<p><span style=\"font-weight: 400;\">De final de <\/span><b>setembro a in\u00edcio de abril<\/b><span style=\"font-weight: 400;\">, quando o c\u00e9u polar oferece as melhores condi\u00e7\u00f5es para a observa\u00e7\u00e3o da <\/span><b>Aurora Boreal<\/b><span style=\"font-weight: 400;\"> e para viv\u00eancias aut\u00eanticas da cultura e natureza \u00e1rticas.<\/span><\/p>\n<h2><b>Valores<\/b><\/h2>\n<p><strong>QUARTO DUPLO:<\/strong> R$ 26.250<br \/>\n<strong>QUARTO SINGLE:<\/strong> R$ 31.810<\/p>\n<p>Os valores podem sofrer altera\u00e7\u00f5es mediante o prazo de fechamento da viagem e disponibilidade de hot\u00e9is. Solicite uma cota\u00e7\u00e3o para a data da sua viagem.<\/p>\n<h2><b>Formas de Pagamento<\/b><\/h2>\n<p><strong>5% de desconto<\/strong> \u00e0 vista no boleto banc\u00e1rio<br \/>\n6x sem juros no Cart\u00e3o de Cr\u00e9dito<br \/>\nEntrada de 30% + 9x sem juros no Cart\u00e3o de Cr\u00e9dito<br \/>\n12x com acr\u00e9scimo no Cart\u00e3o de Cr\u00e9dito<\/p>","protected":false},"excerpt":{"rendered":"Uma imers\u00e3o no \u00c1rtico noruegu\u00eas com hospedagem confort\u00e1vel, experi\u00eancias aut\u00eanticas e a magia da aurora boreal.","protected":false},"featured_media":13380,"template":"","meta":{"_acf_changed":false,"content-type":""},"product_brand":[],"product_cat":[229],"product_tag":[],"class_list":{"0":"post-14667","1":"product","2":"type-product","3":"status-publish","4":"has-post-thumbnail","6":"product_format-product-format-tour","7":"product_cat-roteiros","9":"first","10":"instock","11":"shipping-taxable","12":"product-type-simple"},"acf":[],"_links":{"self":[{"href":"https:\/\/www.gonorse.com.br\/en\/wp-json\/wp\/v2\/product\/14667","targetHints":{"allow":["GET"]}}],"collection":[{"href":"https:\/\/www.gonorse.com.br\/en\/wp-json\/wp\/v2\/product"}],"about":[{"href":"https:\/\/www.gonorse.com.br\/en\/wp-json\/wp\/v2\/types\/product"}],"version-history":[{"count":4,"href":"https:\/\/www.gonorse.com.br\/en\/wp-json\/wp\/v2\/product\/14667\/revisions"}],"predecessor-version":[{"id":16486,"href":"https:\/\/www.gonorse.com.br\/en\/wp-json\/wp\/v2\/product\/14667\/revisions\/16486"}],"wp:featuredmedia":[{"embeddable":true,"href":"https:\/\/www.gonorse.com.br\/en\/wp-json\/wp\/v2\/media\/13380"}],"wp:attachment":[{"href":"https:\/\/www.gonorse.com.br\/en\/wp-json\/wp\/v2\/media?parent=14667"}],"wp:term":[{"taxonomy":"product_brand","embeddable":true,"href":"https:\/\/www.gonorse.com.br\/en\/wp-json\/wp\/v2\/product_brand?post=14667"},{"taxonomy":"product_cat","embeddable":true,"href":"https:\/\/www.gonorse.com.br\/en\/wp-json\/wp\/v2\/product_cat?post=14667"},{"taxonomy":"product_tag","embeddable":true,"href":"https:\/\/www.gonorse.com.br\/en\/wp-json\/wp\/v2\/product_tag?post=14667"}],"curies":[{"name":"wp","href":"https:\/\/api.w.org\/{rel}","templated":true}]}}