{"id":14664,"date":"2025-10-29T20:04:58","date_gmt":"2025-10-29T20:04:58","guid":{"rendered":"https:\/\/www.gonorse.com.br\/?post_type=product&#038;p=14664"},"modified":"2026-02-19T14:53:46","modified_gmt":"2026-02-19T14:53:46","slug":"gonorse-premium-fiordes-noruegueses-alesund-9-dias","status":"publish","type":"product","link":"https:\/\/www.gonorse.com.br\/en\/product\/gonorse-premium-fiordes-noruegueses-alesund-9-dias\/","title":{"rendered":"GoNorse Premium \u2013 Fiordes Noruegueses + \u00c5lesund (9 dias)"},"content":{"rendered":"<p>Uma jornada de tirar o f\u00f4lego pelos fiordes mais famosos da Noruega, incluindo Geiranger e Trollstigen.<\/p>\n<h2><b>Descri\u00e7\u00e3o<\/b><\/h2>\n<p><span style=\"font-weight: 400;\">O <\/span><b>GoNorse Premium \u2013 Fiordes Noruegueses + \u00c5lesund<\/b><span style=\"font-weight: 400;\"> \u00e9 uma imers\u00e3o completa na ess\u00eancia da Noruega: fiordes monumentais, vilarejos encantadores, gastronomia n\u00f3rdica e experi\u00eancias que unem luxo, cultura e natureza.<\/span><span style=\"font-weight: 400;\"><br \/>\n<\/span><span style=\"font-weight: 400;\"> Durante <\/span><b>9 dias<\/b><span style=\"font-weight: 400;\">, voc\u00ea viajar\u00e1 de <\/span><b>Oslo a \u00c5lesund<\/b><span style=\"font-weight: 400;\">, passando por <\/span><b>Fl\u00e5m, Bergen e o espetacular Geirangerfjord<\/b><span style=\"font-weight: 400;\">, um dos cen\u00e1rios mais emblem\u00e1ticos do pa\u00eds.<\/span><\/p>\n<p><span style=\"font-weight: 400;\">Com hospedagem 4\u2605 superior, <\/span><b>transfers privativos<\/b><span style=\"font-weight: 400;\">, <\/span><b>passeios exclusivos<\/b><span style=\"font-weight: 400;\"> e acompanhamento de especialistas locais, esta \u00e9 a forma mais inspiradora e confort\u00e1vel de vivenciar a Noruega \u2014 dos trilhos panor\u00e2micos \u00e0s \u00e1guas cristalinas dos fiordes.<br \/>\n<\/span><\/p>\n<h2><b>\u00c9poca ideal<\/b><\/h2>\n<p><span style=\"font-weight: 400;\">De <b>maio a setembro<\/b>, quando os dias s\u00e3o longos, o clima \u00e9 ameno e as estradas e fiordes est\u00e3o acess\u00edveis.<\/span><\/p>\n<h2><b>Valores<\/b><\/h2>\n<p><strong>QUARTO DUPLO:<\/strong> R$ 31.350<br \/>\n<strong>QUARTO SINGLE:<\/strong> R$ 40.910<\/p>\n<p>Os valores podem sofrer altera\u00e7\u00f5es mediante o prazo de fechamento da viagem e disponibilidade de hot\u00e9is. Solicite uma cota\u00e7\u00e3o para a data da sua viagem.<\/p>\n<h2><b>Formas de Pagamento<\/b><\/h2>\n<p><strong>5% de desconto<\/strong> \u00e0 vista no boleto banc\u00e1rio<br \/>\n6x sem juros no Cart\u00e3o de Cr\u00e9dito<br \/>\nEntrada de 30% + 9x sem juros no Cart\u00e3o de Cr\u00e9dito<br \/>\n12x com acr\u00e9scimo no Cart\u00e3o de Cr\u00e9dito<\/p>","protected":false},"excerpt":{"rendered":"Uma jornada de tirar o f\u00f4lego pelos fiordes mais famosos da Noruega, incluindo Geiranger e Trollstigen.","protected":false},"featured_media":15184,"template":"","meta":{"_acf_changed":false,"content-type":""},"product_brand":[],"product_cat":[229],"product_tag":[],"class_list":{"0":"post-14664","1":"product","2":"type-product","3":"status-publish","4":"has-post-thumbnail","6":"product_format-product-format-tour","7":"product_cat-roteiros","8":"pa_locations-noruega","10":"first","11":"instock","12":"shipping-taxable","13":"product-type-simple"},"acf":[],"_links":{"self":[{"href":"https:\/\/www.gonorse.com.br\/en\/wp-json\/wp\/v2\/product\/14664","targetHints":{"allow":["GET"]}}],"collection":[{"href":"https:\/\/www.gonorse.com.br\/en\/wp-json\/wp\/v2\/product"}],"about":[{"href":"https:\/\/www.gonorse.com.br\/en\/wp-json\/wp\/v2\/types\/product"}],"version-history":[{"count":4,"href":"https:\/\/www.gonorse.com.br\/en\/wp-json\/wp\/v2\/product\/14664\/revisions"}],"predecessor-version":[{"id":16485,"href":"https:\/\/www.gonorse.com.br\/en\/wp-json\/wp\/v2\/product\/14664\/revisions\/16485"}],"wp:featuredmedia":[{"embeddable":true,"href":"https:\/\/www.gonorse.com.br\/en\/wp-json\/wp\/v2\/media\/15184"}],"wp:attachment":[{"href":"https:\/\/www.gonorse.com.br\/en\/wp-json\/wp\/v2\/media?parent=14664"}],"wp:term":[{"taxonomy":"product_brand","embeddable":true,"href":"https:\/\/www.gonorse.com.br\/en\/wp-json\/wp\/v2\/product_brand?post=14664"},{"taxonomy":"product_cat","embeddable":true,"href":"https:\/\/www.gonorse.com.br\/en\/wp-json\/wp\/v2\/product_cat?post=14664"},{"taxonomy":"product_tag","embeddable":true,"href":"https:\/\/www.gonorse.com.br\/en\/wp-json\/wp\/v2\/product_tag?post=14664"}],"curies":[{"name":"wp","href":"https:\/\/api.w.org\/{rel}","templated":true}]}}