{"id":14654,"date":"2025-10-29T19:52:01","date_gmt":"2025-10-29T19:52:01","guid":{"rendered":"https:\/\/www.gonorse.com.br\/?post_type=product&#038;p=14654"},"modified":"2026-02-19T11:46:42","modified_gmt":"2026-02-19T11:46:42","slug":"fiordes-noruegueses-alesund-9-dias-gonorse-classic","status":"publish","type":"product","link":"https:\/\/www.gonorse.com.br\/en\/product\/fiordes-noruegueses-alesund-9-dias-gonorse-classic\/","title":{"rendered":"Fiordes Noruegueses + \u00c5lesund (9 dias) \u2013  GoNorse Classic"},"content":{"rendered":"<p>De Oslo a \u00c5lesund: uma jornada pelos fiordes mais famosos da Noruega, incluindo o espetacular Geirangerfjord.<\/p>\n<h2><b>Descri\u00e7\u00e3o<\/b><\/h2>\n<p><span style=\"font-weight: 400;\">O <\/span><b>GoNorse Classic \u2013 Fiordes Noruegueses + \u00c5lesund<\/b><span style=\"font-weight: 400;\"> \u00e9 um roteiro cuidadosamente desenhado para quem deseja explorar os principais tesouros da Noruega de forma confort\u00e1vel, completa e inspiradora.<\/span><span style=\"font-weight: 400;\"><br \/>\n<\/span><span style=\"font-weight: 400;\"> Durante <\/span><b>9 dias<\/b><span style=\"font-weight: 400;\">, voc\u00ea viajar\u00e1 de <\/span><b>Oslo a \u00c5lesund<\/b><span style=\"font-weight: 400;\">, passando por <\/span><b>Fl\u00e5m, Bergen, o N\u00e6r\u00f8yfjord e o ic\u00f4nico Geirangerfjord<\/b><span style=\"font-weight: 400;\"> \u2014 paisagens que representam o melhor da Noruega em uma s\u00f3 jornada.<\/span><\/p>\n<p><span style=\"font-weight: 400;\">Com hospedagens selecionadas, <\/span><b>transporte eficiente<\/b><span style=\"font-weight: 400;\">, <\/span><b>passeios guiados<\/b><span style=\"font-weight: 400;\"> e <\/span><b>experi\u00eancias aut\u00eanticas<\/b><span style=\"font-weight: 400;\">, este roteiro equilibra cultura, natureza e liberdade. \u00c9 a porta de entrada ideal para vivenciar a ess\u00eancia dos fiordes noruegueses.<br \/>\n<\/span><\/p>\n<h2><b>\u00c9poca ideal<\/b><\/h2>\n<p><span style=\"font-weight: 400;\">De <b>maio a setembro<\/b>, quando os dias s\u00e3o longos, o clima \u00e9 ameno e as estradas para Geiranger e Trollstigen est\u00e3o abertas.<\/span><\/p>\n<h2><b>Valores<\/b><\/h2>\n<p><strong>QUARTO DUPLO:<\/strong> R$ 25.550<br \/>\n<strong>QUARTO SINGLE:<\/strong> R$ 32.710<\/p>\n<p>Os valores podem sofrer altera\u00e7\u00f5es mediante o prazo de fechamento da viagem e disponibilidade de hot\u00e9is. Solicite uma cota\u00e7\u00e3o para a data da sua viagem.<\/p>\n<h2><b>Formas de Pagamento<\/b><\/h2>\n<p><strong>5% de desconto<\/strong> \u00e0 vista no boleto banc\u00e1rio<br \/>\n6x sem juros no Cart\u00e3o de Cr\u00e9dito<br \/>\nEntrada de 30% + 9x sem juros no Cart\u00e3o de Cr\u00e9dito<br \/>\n12x com acr\u00e9scimo no Cart\u00e3o de Cr\u00e9dito<\/p>","protected":false},"excerpt":{"rendered":"De Oslo a \u00c5lesund: uma jornada pelos fiordes mais famosos da Noruega, incluindo o espetacular Geirangerfjord.","protected":false},"featured_media":15333,"template":"","meta":{"_acf_changed":false,"content-type":""},"product_brand":[],"product_cat":[229],"product_tag":[],"class_list":{"0":"post-14654","1":"product","2":"type-product","3":"status-publish","4":"has-post-thumbnail","6":"product_format-product-format-tour","7":"product_cat-roteiros","9":"first","10":"instock","11":"shipping-taxable","12":"product-type-simple"},"acf":[],"_links":{"self":[{"href":"https:\/\/www.gonorse.com.br\/en\/wp-json\/wp\/v2\/product\/14654","targetHints":{"allow":["GET"]}}],"collection":[{"href":"https:\/\/www.gonorse.com.br\/en\/wp-json\/wp\/v2\/product"}],"about":[{"href":"https:\/\/www.gonorse.com.br\/en\/wp-json\/wp\/v2\/types\/product"}],"version-history":[{"count":6,"href":"https:\/\/www.gonorse.com.br\/en\/wp-json\/wp\/v2\/product\/14654\/revisions"}],"predecessor-version":[{"id":16483,"href":"https:\/\/www.gonorse.com.br\/en\/wp-json\/wp\/v2\/product\/14654\/revisions\/16483"}],"wp:featuredmedia":[{"embeddable":true,"href":"https:\/\/www.gonorse.com.br\/en\/wp-json\/wp\/v2\/media\/15333"}],"wp:attachment":[{"href":"https:\/\/www.gonorse.com.br\/en\/wp-json\/wp\/v2\/media?parent=14654"}],"wp:term":[{"taxonomy":"product_brand","embeddable":true,"href":"https:\/\/www.gonorse.com.br\/en\/wp-json\/wp\/v2\/product_brand?post=14654"},{"taxonomy":"product_cat","embeddable":true,"href":"https:\/\/www.gonorse.com.br\/en\/wp-json\/wp\/v2\/product_cat?post=14654"},{"taxonomy":"product_tag","embeddable":true,"href":"https:\/\/www.gonorse.com.br\/en\/wp-json\/wp\/v2\/product_tag?post=14654"}],"curies":[{"name":"wp","href":"https:\/\/api.w.org\/{rel}","templated":true}]}}