{"id":14637,"date":"2025-10-29T18:36:30","date_gmt":"2025-10-29T18:36:30","guid":{"rendered":"https:\/\/www.gonorse.com.br\/?post_type=product&#038;p=14637"},"modified":"2026-02-19T11:43:37","modified_gmt":"2026-02-19T11:43:37","slug":"gonorse-classic-fiordes-da-noruega-9-dias","status":"publish","type":"product","link":"https:\/\/www.gonorse.com.br\/en\/product\/gonorse-classic-fiordes-da-noruega-9-dias\/","title":{"rendered":"GoNorse Classic \u2013 Fiordes da Noruega + Stavanger &#8211; 9 dias"},"content":{"rendered":"<p>O essencial da Noruega em nove dias: fiordes, montanhas, Oslo, Bergen Fl\u00e5m e aventura em Stavanger.<b><br \/>\n<\/b><\/p>\n<h2><b>Descri\u00e7\u00e3o<\/b><\/h2>\n<p><span style=\"font-weight: 400;\">O <\/span><b>GoNorse Classic<\/b><span style=\"font-weight: 400;\"> \u00e9 ideal para quem deseja conhecer a Noruega com <\/span><b>conforto, praticidade e experi\u00eancias essenciais<\/b><span style=\"font-weight: 400;\">, aproveitando o melhor da natureza e da cultura local.<\/span><span style=\"font-weight: 400;\"><br \/>\n<\/span><span style=\"font-weight: 400;\"> Em <\/span><b>9 dias<\/b><span style=\"font-weight: 400;\">, voc\u00ea percorrer\u00e1 <\/span><b>Oslo, Fl\u00e5m, Bergen e Stavanger<\/b><span style=\"font-weight: 400;\">, incluindo o espetacular <\/span><b>Lysefjord<\/b><span style=\"font-weight: 400;\"> e o vilarejo \u00e0 beira de fiordes.<\/span><\/p>\n<p><span style=\"font-weight: 400;\">O roteiro oferece <\/span><b>hospedagens 3\u2605 com caf\u00e9 da manh\u00e3, transfers executivos, passeios nos fiordes e assessoria GoNorse<\/b><span style=\"font-weight: 400;\">, garantindo uma viagem tranquila, organizada e inspiradora. Cada cidade revela uma faceta \u00fanica da Noruega: da capital moderna \u00e0s montanhas e fiordes, passando pela hist\u00f3ria hanse\u00e1tica de Bergen e a beleza natural de Stavanger.<br \/>\n<\/span><\/p>\n<h2><b>\u00a0\u00c9poca ideal<\/b><\/h2>\n<p><span style=\"font-weight: 400;\">De <\/span><b>maio a setembro<\/b><span style=\"font-weight: 400;\">, quando os dias s\u00e3o longos, o clima \u00e9 agrad\u00e1vel e a natureza est\u00e1 em seu auge de beleza.<\/span><\/p>\n<h2><b>Valores<\/b><\/h2>\n<p><strong>QUARTO DUPLO:<\/strong> R$ 24.550<br \/>\n<strong>QUARTO SINGLE:<\/strong> R$ 31.085<\/p>\n<p>Os valores podem sofrer altera\u00e7\u00f5es mediante o prazo de fechamento da viagem e disponibilidade de hot\u00e9is. Solicite uma cota\u00e7\u00e3o para a data da sua viagem.<\/p>\n<h2><b>Formas de Pagamento<\/b><\/h2>\n<p><strong>5% de desconto<\/strong> \u00e0 vista no boleto banc\u00e1rio<br \/>\n6x sem juros no Cart\u00e3o de Cr\u00e9dito<br \/>\nEntrada de 30% + 9x sem juros no Cart\u00e3o de Cr\u00e9dito<br \/>\n12x com acr\u00e9scimo no Cart\u00e3o de Cr\u00e9dito<\/p>","protected":false},"excerpt":{"rendered":"O essencial da Noruega em nove dias: fiordes, montanhas, Oslo, Bergen Fl\u00e5m e aventura em Stavanger.","protected":false},"featured_media":15208,"template":"","meta":{"_acf_changed":false,"content-type":""},"product_brand":[],"product_cat":[229],"product_tag":[],"class_list":{"0":"post-14637","1":"product","2":"type-product","3":"status-publish","4":"has-post-thumbnail","6":"product_format-product-format-tour","7":"product_cat-roteiros","9":"first","10":"instock","11":"shipping-taxable","12":"product-type-simple"},"acf":[],"_links":{"self":[{"href":"https:\/\/www.gonorse.com.br\/en\/wp-json\/wp\/v2\/product\/14637","targetHints":{"allow":["GET"]}}],"collection":[{"href":"https:\/\/www.gonorse.com.br\/en\/wp-json\/wp\/v2\/product"}],"about":[{"href":"https:\/\/www.gonorse.com.br\/en\/wp-json\/wp\/v2\/types\/product"}],"version-history":[{"count":7,"href":"https:\/\/www.gonorse.com.br\/en\/wp-json\/wp\/v2\/product\/14637\/revisions"}],"predecessor-version":[{"id":16480,"href":"https:\/\/www.gonorse.com.br\/en\/wp-json\/wp\/v2\/product\/14637\/revisions\/16480"}],"wp:featuredmedia":[{"embeddable":true,"href":"https:\/\/www.gonorse.com.br\/en\/wp-json\/wp\/v2\/media\/15208"}],"wp:attachment":[{"href":"https:\/\/www.gonorse.com.br\/en\/wp-json\/wp\/v2\/media?parent=14637"}],"wp:term":[{"taxonomy":"product_brand","embeddable":true,"href":"https:\/\/www.gonorse.com.br\/en\/wp-json\/wp\/v2\/product_brand?post=14637"},{"taxonomy":"product_cat","embeddable":true,"href":"https:\/\/www.gonorse.com.br\/en\/wp-json\/wp\/v2\/product_cat?post=14637"},{"taxonomy":"product_tag","embeddable":true,"href":"https:\/\/www.gonorse.com.br\/en\/wp-json\/wp\/v2\/product_tag?post=14637"}],"curies":[{"name":"wp","href":"https:\/\/api.w.org\/{rel}","templated":true}]}}