{"id":14630,"date":"2025-10-29T15:39:58","date_gmt":"2025-10-29T15:39:58","guid":{"rendered":"https:\/\/www.gonorse.com.br\/?post_type=product&#038;p=14630"},"modified":"2026-02-19T11:41:22","modified_gmt":"2026-02-19T11:41:22","slug":"gonorse-plus-noruega-essencial-7-dias","status":"publish","type":"product","link":"https:\/\/www.gonorse.com.br\/en\/product\/gonorse-plus-noruega-essencial-7-dias\/","title":{"rendered":"GoNorse Plus \u2013 Noruega Essencial &#8211; 7 dias"},"content":{"rendered":"<p><b>Um roteiro completo pela Noruega com conforto, cultura e experi\u00eancias inesquec\u00edveis.<\/b><\/p>\n<h2><b>Descri\u00e7\u00e3o<\/b><\/h2>\n<p><span style=\"font-weight: 400;\">O <\/span><b>GoNorse Plus<\/b><span style=\"font-weight: 400;\"> combina natureza, cultura e conveni\u00eancia com o toque certo de conforto.<\/span><span style=\"font-weight: 400;\"><br \/>\n<\/span><span style=\"font-weight: 400;\"> Viaje de <\/span><b>Oslo a Bergen<\/b><span style=\"font-weight: 400;\">, passando por <\/span><b>Fl\u00e5m e pelos fiordes<\/b><span style=\"font-weight: 400;\">, em um trajeto cuidadosamente planejado com <\/span><b>hospedagens 4\u2605<\/b><span style=\"font-weight: 400;\">, tickets, traslados e <\/span><b>guias brasileiros especializados<\/b><span style=\"font-weight: 400;\">.<\/span><\/p>\n<p><span style=\"font-weight: 400;\">Voc\u00ea vivenciar\u00e1 o contraste entre a eleg\u00e2ncia moderna de Oslo, as montanhas espetaculares de Fl\u00e5m e o charme hist\u00f3rico de Bergen \u2014 a porta de entrada dos fiordes.<\/span><span style=\"font-weight: 400;\"><br \/>\n<\/span><span style=\"font-weight: 400;\"> \u00c9 o roteiro ideal para quem quer <\/span><b>viajar com tranquilidade e curadoria profissional<\/b><span style=\"font-weight: 400;\">, aproveitando cada minuto sem preocupa\u00e7\u00f5es.<br \/>\n<\/span><\/p>\n<h2><b>\u00c9poca ideal<\/b><\/h2>\n<p><span style=\"font-weight: 400;\">De <b>maio a setembro<\/b> \u2014 o auge do ver\u00e3o escandinavo.<br \/>\n<\/span><\/p>\n<h2><b>Valores<\/b><\/h2>\n<p><strong>QUARTO DUPLO:<\/strong> R$ 24.890<br \/>\n<strong>QUARTO SINGLE:<\/strong> R$ 32.265<\/p>\n<p>Os valores podem sofrer altera\u00e7\u00f5es mediante o prazo de fechamento da viagem e disponibilidade de hot\u00e9is. Solicite uma cota\u00e7\u00e3o para a data da sua viagem.<\/p>\n<h2><b>Formas de Pagamento<\/b><\/h2>\n<p><strong>5% de desconto<\/strong> \u00e0 vista no boleto banc\u00e1rio<br \/>\n6x sem juros no Cart\u00e3o de Cr\u00e9dito<br \/>\nEntrada de 30% + 9x sem juros no Cart\u00e3o de Cr\u00e9dito<br \/>\n12x com acr\u00e9scimo no Cart\u00e3o de Cr\u00e9dito<\/p>","protected":false},"excerpt":{"rendered":"Um roteiro completo pela Noruega com conforto, cultura e experi\u00eancias inesquec\u00edveis.\n\n&nbsp;","protected":false},"featured_media":15374,"template":"","meta":{"_acf_changed":false,"content-type":""},"product_brand":[],"product_cat":[229],"product_tag":[],"class_list":{"0":"post-14630","1":"product","2":"type-product","3":"status-publish","4":"has-post-thumbnail","6":"product_format-product-format-tour","7":"product_cat-roteiros","9":"first","10":"instock","11":"shipping-taxable","12":"product-type-simple"},"acf":[],"_links":{"self":[{"href":"https:\/\/www.gonorse.com.br\/en\/wp-json\/wp\/v2\/product\/14630","targetHints":{"allow":["GET"]}}],"collection":[{"href":"https:\/\/www.gonorse.com.br\/en\/wp-json\/wp\/v2\/product"}],"about":[{"href":"https:\/\/www.gonorse.com.br\/en\/wp-json\/wp\/v2\/types\/product"}],"version-history":[{"count":4,"href":"https:\/\/www.gonorse.com.br\/en\/wp-json\/wp\/v2\/product\/14630\/revisions"}],"predecessor-version":[{"id":16478,"href":"https:\/\/www.gonorse.com.br\/en\/wp-json\/wp\/v2\/product\/14630\/revisions\/16478"}],"wp:featuredmedia":[{"embeddable":true,"href":"https:\/\/www.gonorse.com.br\/en\/wp-json\/wp\/v2\/media\/15374"}],"wp:attachment":[{"href":"https:\/\/www.gonorse.com.br\/en\/wp-json\/wp\/v2\/media?parent=14630"}],"wp:term":[{"taxonomy":"product_brand","embeddable":true,"href":"https:\/\/www.gonorse.com.br\/en\/wp-json\/wp\/v2\/product_brand?post=14630"},{"taxonomy":"product_cat","embeddable":true,"href":"https:\/\/www.gonorse.com.br\/en\/wp-json\/wp\/v2\/product_cat?post=14630"},{"taxonomy":"product_tag","embeddable":true,"href":"https:\/\/www.gonorse.com.br\/en\/wp-json\/wp\/v2\/product_tag?post=14630"}],"curies":[{"name":"wp","href":"https:\/\/api.w.org\/{rel}","templated":true}]}}