{"id":14505,"date":"2025-10-28T20:03:56","date_gmt":"2025-10-28T20:03:56","guid":{"rendered":"https:\/\/www.gonorse.com.br\/?post_type=product&#038;p=14505"},"modified":"2026-02-19T11:38:32","modified_gmt":"2026-02-19T11:38:32","slug":"gonorse-classic-noruega-essencial-7-dias","status":"publish","type":"product","link":"https:\/\/www.gonorse.com.br\/en\/product\/gonorse-classic-noruega-essencial-7-dias\/","title":{"rendered":"GoNorse Classic \u2013 Noruega Essencial &#8211; 7 dias"},"content":{"rendered":"<p><span style=\"font-weight: 400;\">Descubra o melhor da Noruega em 7 dias de paisagens imponentes, cultura vibrante e vilas encantadoras entre <\/span><b>Oslo, Fl\u00e5m e Bergen<\/b><span style=\"font-weight: 400;\">.<\/span><span style=\"font-weight: 400;\"><br \/>\n<\/span><span style=\"font-weight: 400;\"> O <\/span><b>GoNorse Classic<\/b><span style=\"font-weight: 400;\"> \u00e9 ideal para quem busca uma viagem bem estruturada e acess\u00edvel, com hospedagens confort\u00e1veis, transportes inclu\u00eddos e <\/span><b>assessoria da GoNorse<\/b><span style=\"font-weight: 400;\"> durante toda a jornada.<\/span><\/p>\n<p><span style=\"font-weight: 400;\">Conhe\u00e7a a capital norueguesa com um <\/span><b>walking tour guiado em portugu\u00eas<\/b><span style=\"font-weight: 400;\">, admire o cen\u00e1rio surreal dos fiordes e cruze as montanhas a bordo de um dos trens mais belos do planeta.<\/span><span style=\"font-weight: 400;\"><br \/>\n<\/span><span style=\"font-weight: 400;\"> \u00c9 o equil\u00edbrio perfeito entre <\/span><b>natureza, cultura e praticidade<\/b><span style=\"font-weight: 400;\">.<\/span><\/p>\n<h2><b>\u00c9poca ideal<\/b><\/h2>\n<p><span style=\"font-weight: 400;\">De <\/span><b>maio a setembro<\/b><span style=\"font-weight: 400;\">, quando os dias s\u00e3o longos e ideais para explorar ao ar livre.<\/span><\/p>\n<h2><b>Valores<\/b><\/h2>\n<p><strong>QUARTO DUPLO:<\/strong> R$ 22.100<br \/>\n<strong>QUARTO SINGLE:<\/strong> R$ 27.920<\/p>\n<p>Os valores podem sofrer altera\u00e7\u00f5es mediante o prazo de fechamento da viagem e disponibilidade de hot\u00e9is. Solicite uma cota\u00e7\u00e3o para a data da sua viagem.<\/p>\n<h2><b>Formas de Pagamento<\/b><\/h2>\n<p><strong>5% de desconto<\/strong> \u00e0 vista no boleto banc\u00e1rio<br \/>\n6x sem juros no Cart\u00e3o de Cr\u00e9dito<br \/>\nEntrada de 30% + 9x sem juros no Cart\u00e3o de Cr\u00e9dito<br \/>\n12x com acr\u00e9scimo no Cart\u00e3o de Cr\u00e9dito<\/p>","protected":false},"excerpt":{"rendered":"Descubra o melhor da Noruega em 7 dias de paisagens imponentes, cultura vibrante e vilas encantadoras entre Oslo, Fl\u00e5m e Bergen. O GoNorse Classic \u00e9 ideal para quem busca uma viagem bem estruturada e acess\u00edvel, com hospedagens confort\u00e1veis, transportes inclu\u00eddos e assessoria da GoNorse durante toda a jornada. Conhe\u00e7a a capital norueguesa com um walking&#8230;","protected":false},"featured_media":15336,"template":"","meta":{"_acf_changed":false,"content-type":""},"product_brand":[],"product_cat":[229],"product_tag":[],"class_list":{"0":"post-14505","1":"product","2":"type-product","3":"status-publish","4":"has-post-thumbnail","6":"product_format-product-format-tour","7":"product_cat-roteiros","9":"first","10":"instock","11":"shipping-taxable","12":"product-type-simple"},"acf":[],"_links":{"self":[{"href":"https:\/\/www.gonorse.com.br\/en\/wp-json\/wp\/v2\/product\/14505","targetHints":{"allow":["GET"]}}],"collection":[{"href":"https:\/\/www.gonorse.com.br\/en\/wp-json\/wp\/v2\/product"}],"about":[{"href":"https:\/\/www.gonorse.com.br\/en\/wp-json\/wp\/v2\/types\/product"}],"version-history":[{"count":22,"href":"https:\/\/www.gonorse.com.br\/en\/wp-json\/wp\/v2\/product\/14505\/revisions"}],"predecessor-version":[{"id":16477,"href":"https:\/\/www.gonorse.com.br\/en\/wp-json\/wp\/v2\/product\/14505\/revisions\/16477"}],"wp:featuredmedia":[{"embeddable":true,"href":"https:\/\/www.gonorse.com.br\/en\/wp-json\/wp\/v2\/media\/15336"}],"wp:attachment":[{"href":"https:\/\/www.gonorse.com.br\/en\/wp-json\/wp\/v2\/media?parent=14505"}],"wp:term":[{"taxonomy":"product_brand","embeddable":true,"href":"https:\/\/www.gonorse.com.br\/en\/wp-json\/wp\/v2\/product_brand?post=14505"},{"taxonomy":"product_cat","embeddable":true,"href":"https:\/\/www.gonorse.com.br\/en\/wp-json\/wp\/v2\/product_cat?post=14505"},{"taxonomy":"product_tag","embeddable":true,"href":"https:\/\/www.gonorse.com.br\/en\/wp-json\/wp\/v2\/product_tag?post=14505"}],"curies":[{"name":"wp","href":"https:\/\/api.w.org\/{rel}","templated":true}]}}