{"id":13982,"date":"2025-10-13T13:07:14","date_gmt":"2025-10-13T13:07:14","guid":{"rendered":"https:\/\/www.gonorse.com.br\/?post_type=product&#038;p=13982"},"modified":"2025-11-21T10:57:12","modified_gmt":"2025-11-21T10:57:12","slug":"cacada-a-aurora-boreal-em-tromso","status":"publish","type":"product","link":"https:\/\/www.gonorse.com.br\/en\/product\/cacada-a-aurora-boreal-em-tromso\/","title":{"rendered":"Ca\u00e7ada \u00e0 Aurora Boreal em Troms\u00f8"},"content":{"rendered":"<h2><b>Ca\u00e7ando a Aurora Boreal em Troms\u00f8<\/b><\/h2>\n<p><span style=\"font-weight: 400;\">Troms\u00f8 \u00e9 <\/span><b>um dos melhores lugares do mundo para observar a Aurora Boreal<\/b><span style=\"font-weight: 400;\">, e nesta <\/span><b>Ca\u00e7ada \u00e0 Aurora Boreal com Minibus<\/b><span style=\"font-weight: 400;\">, voc\u00ea ter\u00e1 a chance de vivenciar este fen\u00f4meno natural em um <\/span><b>grupo pequeno e intimista<\/b><span style=\"font-weight: 400;\">.<\/span><\/p>\n<p><span style=\"font-weight: 400;\">Com <\/span><b>mais de 19 anos de experi\u00eancia<\/b><span style=\"font-weight: 400;\"> e mais de 8.500 tours realizados, os guias especializados em Aurora Boreal conduzem voc\u00ea aos <\/span><b>c\u00e9us mais claros da regi\u00e3o<\/b><span style=\"font-weight: 400;\">, utilizando a flexibilidade de um <\/span><b>minibus moderno e confort\u00e1vel<\/b><span style=\"font-weight: 400;\"> para seguir as melhores condi\u00e7\u00f5es meteorol\u00f3gicas.<\/span><\/p>\n<p><span style=\"font-weight: 400;\">O tour combina <\/span><b>paisagens \u00e1rticas incr\u00edveis, hist\u00f3rias sobre o fen\u00f4meno e vida no \u00c1rtico<\/b><span style=\"font-weight: 400;\">, tornando a noite m\u00e1gica e inesquec\u00edvel.<\/span><\/p>\n<h2><b>Uma noite \u00e1rtica aquecida e acolhedora<\/b><\/h2>\n<p><span style=\"font-weight: 400;\">Durante a aventura de <\/span><b>5 a 7 horas<\/b><span style=\"font-weight: 400;\">, voc\u00ea ter\u00e1:<\/span><\/p>\n<ul>\n<li style=\"font-weight: 400;\" aria-level=\"1\"><span style=\"font-weight: 400;\">Fogueira ao ar livre, quando poss\u00edvel, para aquecer o corpo e criar atmosfera aconchegante<\/span><\/li>\n<li style=\"font-weight: 400;\" aria-level=\"1\"><span style=\"font-weight: 400;\">Bebidas quentes como chocolate quente, caf\u00e9 e ch\u00e1<\/span><\/li>\n<li style=\"font-weight: 400;\" aria-level=\"1\">Refei\u00e7\u00e3o simples (sopa)\u00a0 e snack local<span style=\"font-weight: 400;\"> inclu\u00eddos<\/span><\/li>\n<li style=\"font-weight: 400;\" aria-level=\"1\"><span style=\"font-weight: 400;\">Roupas t\u00e9rmicas fornecidas para maior conforto no frio<\/span><\/li>\n<\/ul>\n<p><span style=\"font-weight: 400;\">Al\u00e9m disso, nosso <\/span><b>guia treinado<\/b><span style=\"font-weight: 400;\"> tira fotos de cada participante sob a Aurora e das paisagens, garantindo <\/span><b>lembran\u00e7as digitais inclu\u00eddas<\/b><span style=\"font-weight: 400;\">. Para quem gosta de fotografia, trip\u00e9s e instru\u00e7\u00f5es s\u00e3o fornecidos para registrar a Aurora Boreal com suas pr\u00f3prias lentes.<\/span><\/p>\n<h2><b>Informa\u00e7\u00f5es pr\u00e1ticas<\/b><\/h2>\n<p><span style=\"font-weight: 400;\">\ud83d\udd53 <\/span><b>Hor\u00e1rio de encontro:<\/b><\/p>\n<ul>\n<li style=\"font-weight: 400;\" aria-level=\"1\"><span style=\"font-weight: 400;\">18h45 at\u00e9 31 de mar\u00e7o<\/span><\/li>\n<li style=\"font-weight: 400;\" aria-level=\"1\"><span style=\"font-weight: 400;\">19h45 a partir de 1\u00ba de abril<\/span><\/li>\n<\/ul>\n<p><span style=\"font-weight: 400;\">\ud83d\udd52 <\/span><b>Dura\u00e7\u00e3o:<\/b><span style=\"font-weight: 400;\"> 5 a 7 horas<\/span><span style=\"font-weight: 400;\"><br \/>\n<\/span><span style=\"font-weight: 400;\"> \ud83d\udc65 <\/span><b>Grupo:<\/b><span style=\"font-weight: 400;\"> M\u00e1x. 15 pessoas<\/span><span style=\"font-weight: 400;\"><br \/>\n<\/span><span style=\"font-weight: 400;\"> \ud83e\uddd2 <\/span><b>Idade m\u00ednima:<\/b><span style=\"font-weight: 400;\"> 10 anos<\/span><\/p>\n<p><b>Inclui:<\/b><\/p>\n<ul>\n<li style=\"font-weight: 400;\" aria-level=\"1\"><span style=\"font-weight: 400;\">Transporte em minibus moderno e confort\u00e1vel<\/span><\/li>\n<li style=\"font-weight: 400;\" aria-level=\"1\"><span style=\"font-weight: 400;\">Motorista local experiente<\/span><\/li>\n<li style=\"font-weight: 400;\" aria-level=\"1\"><span style=\"font-weight: 400;\">Guia especializado em Aurora Boreal (em ingl\u00eas)<\/span><\/li>\n<li style=\"font-weight: 400;\" aria-level=\"1\"><span style=\"font-weight: 400;\">Bebidas quentes e refei\u00e7\u00e3o simples com snack local<\/span><\/li>\n<li style=\"font-weight: 400;\" aria-level=\"1\"><span style=\"font-weight: 400;\">Roupas t\u00e9rmicas<\/span><\/li>\n<li style=\"font-weight: 400;\" aria-level=\"1\"><span style=\"font-weight: 400;\">Fogueira Leave-No-Trace (quando permitido)<\/span><\/li>\n<li style=\"font-weight: 400;\" aria-level=\"1\"><span style=\"font-weight: 400;\">Trip\u00e9s para fotografia e fotos da Aurora (resolu\u00e7\u00e3o padr\u00e3o inclu\u00edda; alta resolu\u00e7\u00e3o dispon\u00edvel para compra)<\/span><\/li>\n<\/ul>\n<p><b>O que levar:<\/b><\/p>\n<ul>\n<li style=\"font-weight: 400;\" aria-level=\"1\"><span style=\"font-weight: 400;\">Roupas quentes extras: botas, gorro, luvas, cachecol<\/span><\/li>\n<li style=\"font-weight: 400;\" aria-level=\"1\"><span style=\"font-weight: 400;\">C\u00e2mera fotogr\u00e1fica<\/span><\/li>\n<\/ul>\n<h2><b>Por que escolher este passeio<\/b><\/h2>\n<p><span style=\"font-weight: 400;\">Este passeio \u00e9 ideal para quem quer <\/span><b>maximizar as chances de ver a Aurora Boreal<\/b><span style=\"font-weight: 400;\"> de forma <\/span><b>segura, confort\u00e1vel e interativa<\/b><span style=\"font-weight: 400;\">, em um <\/span><b>pequeno grupo<\/b><span style=\"font-weight: 400;\"> com guia especializado.<\/span><\/p>\n<p><span style=\"font-weight: 400;\">A flexibilidade do minibus permite seguir <\/span><b>as melhores condi\u00e7\u00f5es meteorol\u00f3gicas e locais mais escuros<\/b><span style=\"font-weight: 400;\">, enquanto voc\u00ea desfruta de <\/span><b>uma noite aquecida, comida local e fotos memor\u00e1veis<\/b><span style=\"font-weight: 400;\">.<\/span><\/p>","protected":false},"excerpt":{"rendered":"Ca\u00e7ando a Aurora Boreal em Troms\u00f8 Troms\u00f8 \u00e9 um dos melhores lugares do mundo para observar a Aurora Boreal, e nesta Ca\u00e7ada \u00e0 Aurora Boreal com Minibus, voc\u00ea ter\u00e1 a chance de vivenciar este fen\u00f4meno natural em um grupo pequeno e intimista. Com mais de 19 anos de experi\u00eancia e mais de 8.500 tours realizados,&#8230;","protected":false},"featured_media":16027,"template":"","meta":{"_acf_changed":false,"content-type":""},"product_brand":[],"product_cat":[230],"product_tag":[],"class_list":{"0":"post-13982","1":"product","2":"type-product","3":"status-publish","4":"has-post-thumbnail","6":"product_format-product-format-activity","7":"product_cat-passeios","8":"pa_cidade-tromso","10":"first","11":"instock","12":"shipping-taxable","13":"purchasable","14":"product-type-simple"},"acf":[],"_links":{"self":[{"href":"https:\/\/www.gonorse.com.br\/en\/wp-json\/wp\/v2\/product\/13982","targetHints":{"allow":["GET"]}}],"collection":[{"href":"https:\/\/www.gonorse.com.br\/en\/wp-json\/wp\/v2\/product"}],"about":[{"href":"https:\/\/www.gonorse.com.br\/en\/wp-json\/wp\/v2\/types\/product"}],"version-history":[{"count":2,"href":"https:\/\/www.gonorse.com.br\/en\/wp-json\/wp\/v2\/product\/13982\/revisions"}],"predecessor-version":[{"id":15990,"href":"https:\/\/www.gonorse.com.br\/en\/wp-json\/wp\/v2\/product\/13982\/revisions\/15990"}],"wp:featuredmedia":[{"embeddable":true,"href":"https:\/\/www.gonorse.com.br\/en\/wp-json\/wp\/v2\/media\/16027"}],"wp:attachment":[{"href":"https:\/\/www.gonorse.com.br\/en\/wp-json\/wp\/v2\/media?parent=13982"}],"wp:term":[{"taxonomy":"product_brand","embeddable":true,"href":"https:\/\/www.gonorse.com.br\/en\/wp-json\/wp\/v2\/product_brand?post=13982"},{"taxonomy":"product_cat","embeddable":true,"href":"https:\/\/www.gonorse.com.br\/en\/wp-json\/wp\/v2\/product_cat?post=13982"},{"taxonomy":"product_tag","embeddable":true,"href":"https:\/\/www.gonorse.com.br\/en\/wp-json\/wp\/v2\/product_tag?post=13982"}],"curies":[{"name":"wp","href":"https:\/\/api.w.org\/{rel}","templated":true}]}}