{"id":13972,"date":"2025-10-10T18:37:00","date_gmt":"2025-10-10T18:37:00","guid":{"rendered":"https:\/\/www.gonorse.com.br\/?post_type=product&#038;p=13972"},"modified":"2025-11-21T12:04:17","modified_gmt":"2025-11-21T12:04:17","slug":"passeio-de-barco-aurora-boreal-fiorde-de-tromso","status":"publish","type":"product","link":"https:\/\/www.gonorse.com.br\/en\/product\/passeio-de-barco-aurora-boreal-fiorde-de-tromso\/","title":{"rendered":"Passeio de Barco Aurora Boreal: Fiorde de Troms\u00f8"},"content":{"rendered":"<h2><b>Uma noite silenciosa sob as luzes do norte<\/b><\/h2>\n<p><span style=\"font-weight: 400;\">Embarque em uma experi\u00eancia inesquec\u00edvel a bordo de um barco el\u00e9trico em <\/span><span style=\"font-weight: 400;\">um passeio noturno pelos fiordes gelados de Troms\u00f8, em busca do espet\u00e1culo mais fascinante do \u00c1rtico: a <\/span><b>Aurora Boreal<\/b><span style=\"font-weight: 400;\">.<\/span><\/p>\n<p><span style=\"font-weight: 400;\">A bordo de um <\/span><b>catamar\u00e3 h\u00edbrido e silencioso<\/b><span style=\"font-weight: 400;\">, voc\u00ea navegar\u00e1 pela escurid\u00e3o tranquila das noites polares, observando o c\u00e9u em constante mudan\u00e7a e o reflexo das luzes da cidade no mar. Com conforto, calor e sil\u00eancio, esta \u00e9 uma forma \u00fanica e sustent\u00e1vel de <\/span><b>vivenciar a magia do norte da Noruega<\/b><span style=\"font-weight: 400;\">.<\/span><\/p>\n<h2><b>A jornada pelos fiordes \u00e1rticos<\/b><\/h2>\n<p><span style=\"font-weight: 400;\">A aventura come\u00e7a \u00e0s <\/span><b>18h45<\/b><span style=\"font-weight: 400;\">\u00a0no centro de Troms\u00f8.<\/span><span style=\"font-weight: 400;\"><br \/>\n<\/span><span style=\"font-weight: 400;\"> O capit\u00e3o escolhe a rota conforme as <\/span><b>melhores previs\u00f5es de c\u00e9u limpo<\/b><span style=\"font-weight: 400;\">, podendo seguir em dire\u00e7\u00e3o a Kval\u00f8yv\u00e5gen, Ramfjorden ou pela costa de Kval\u00f8ya \u2014 os lugares ideais para observar o fen\u00f4meno.<\/span><\/p>\n<p><span style=\"font-weight: 400;\">Enquanto a embarca\u00e7\u00e3o desliza suavemente pelas \u00e1guas escuras, voc\u00ea pode relaxar nas <\/span><b>salas aquecidas e panor\u00e2micas<\/b><span style=\"font-weight: 400;\">, tomar uma bebida quente do caf\u00e9 a bordo e ouvir as hist\u00f3rias e curiosidades sobre a <\/span><b>Aurora Boreal<\/b><span style=\"font-weight: 400;\"> contadas pelos guias locais.<\/span><\/p>\n<p><span style=\"font-weight: 400;\">Quando o c\u00e9u se abre e a sorte est\u00e1 ao nosso lado, o conv\u00e9s convida voc\u00ea para um espet\u00e1culo inesquec\u00edvel \u2014 <\/span><b>as luzes dan\u00e7antes de \u201cLady Aurora\u201d<\/b><span style=\"font-weight: 400;\"> pintando o horizonte em tons de verde e lil\u00e1s.<\/span><\/p>\n<h2><b>Informa\u00e7\u00f5es pr\u00e1ticas<\/b><\/h2>\n<p><span class=\"x1c3i2sq x19la9d6 x1fc57z9 xexx8yu x1ccui7m x18d9i69 x18pi947 x6ikm8r x10wlt62 x19co3pv x11tp94h xfibh0p xiy17q3 x1xsqp64\"><span class=\"\"><strong>\ud83d\uddd3\ufe0f Per\u00edodo:<\/strong> Novembro a Mar\u00e7o<\/span><\/span><\/p>\n<p><span style=\"font-weight: 400;\">\ud83d\udd53 <\/span><b>Hor\u00e1rio:<\/b><span style=\"font-weight: 400;\"> 18h45 (chegue 10 minutos antes)<\/span><span style=\"font-weight: 400;\"><br \/>\n<\/span><span style=\"font-weight: 400;\"> \ud83d\udd52 <\/span><b>Dura\u00e7\u00e3o:<\/b><span style=\"font-weight: 400;\"> 3 horas<\/span><span style=\"font-weight: 400;\"><br \/>\n<\/span><span style=\"font-weight: 400;\"> \u267f <\/span><b>Acessibilidade:<\/b><span style=\"font-weight: 400;\"> Adequado para fam\u00edlias e cadeirantes<\/span><span style=\"font-weight: 400;\"><br \/>\n<\/span><span style=\"font-weight: 400;\"> \ud83d\udcf6 <\/span><b>Wi-Fi gratuito a bordo<\/b><\/p>\n<p><b>Inclui:<\/b><\/p>\n<ul>\n<li style=\"font-weight: 400;\" aria-level=\"1\"><span style=\"font-weight: 400;\">Navega\u00e7\u00e3o em catamar\u00e3 h\u00edbrido e silencioso<\/span><\/li>\n<li style=\"font-weight: 400;\" aria-level=\"1\"><span style=\"font-weight: 400;\">Sopa quente com p\u00e3o<\/span><\/li>\n<li style=\"font-weight: 400;\" aria-level=\"1\"><span style=\"font-weight: 400;\">Guias experientes em ingl\u00eas<\/span><\/li>\n<li style=\"font-weight: 400;\" aria-level=\"1\"><span style=\"font-weight: 400;\">Wi-Fi gratuito<\/span><\/li>\n<li style=\"font-weight: 400;\" aria-level=\"1\"><span style=\"font-weight: 400;\">Banheiros a bordo<\/span><\/li>\n<\/ul>\n<p><b>Extras dispon\u00edveis:<\/b><\/p>\n<ul>\n<li style=\"font-weight: 400;\" aria-level=\"1\"><span style=\"font-weight: 400;\">Snacks e bebidas no caf\u00e9<\/span><\/li>\n<\/ul>\n<p><b>O que levar:<\/b><b><br \/>\n<\/b><span style=\"font-weight: 400;\">Roupas quentes e confort\u00e1veis para o interior e o conv\u00e9s<\/span><\/p>\n<h2><b>Por que escolher o <\/b><b>Passeio de Barco Aurora Boreal: Fiorde de Troms\u00f8<\/b><\/h2>\n<p><span style=\"font-weight: 400;\">Este passeio \u00e9 a escolha perfeita para quem busca <\/span><b>conforto, sil\u00eancio e autenticidade<\/b><span style=\"font-weight: 400;\"> na busca pela Aurora Boreal.<\/span><span style=\"font-weight: 400;\"><br \/>\n<\/span><span style=\"font-weight: 400;\"> A bordo de um barco el\u00e9trico, voc\u00ea reduz o impacto ambiental e se conecta de forma mais profunda com a natureza e o ritmo sereno do \u00c1rtico.<\/span><\/p>\n<p><span style=\"font-weight: 400;\">Ideal para casais, fam\u00edlias e viajantes que desejam vivenciar <\/span><b>a beleza natural de Troms\u00f8 de forma sustent\u00e1vel e inesquec\u00edvel<\/b><span style=\"font-weight: 400;\">.<\/span><\/p>","protected":false},"excerpt":{"rendered":"Uma noite silenciosa sob as luzes do norte Embarque em uma experi\u00eancia inesquec\u00edvel a bordo de um barco el\u00e9trico em um passeio noturno pelos fiordes gelados de Troms\u00f8, em busca do espet\u00e1culo mais fascinante do \u00c1rtico: a Aurora Boreal. A bordo de um catamar\u00e3 h\u00edbrido e silencioso, voc\u00ea navegar\u00e1 pela escurid\u00e3o tranquila das noites polares,&#8230;","protected":false},"featured_media":16178,"template":"","meta":{"_acf_changed":false,"content-type":""},"product_brand":[],"product_cat":[230],"product_tag":[],"class_list":{"0":"post-13972","1":"product","2":"type-product","3":"status-publish","4":"has-post-thumbnail","6":"product_format-product-format-activity","7":"product_cat-passeios","8":"pa_cidade-tromso","10":"first","11":"instock","12":"shipping-taxable","13":"purchasable","14":"product-type-simple"},"acf":[],"_links":{"self":[{"href":"https:\/\/www.gonorse.com.br\/en\/wp-json\/wp\/v2\/product\/13972","targetHints":{"allow":["GET"]}}],"collection":[{"href":"https:\/\/www.gonorse.com.br\/en\/wp-json\/wp\/v2\/product"}],"about":[{"href":"https:\/\/www.gonorse.com.br\/en\/wp-json\/wp\/v2\/types\/product"}],"version-history":[{"count":3,"href":"https:\/\/www.gonorse.com.br\/en\/wp-json\/wp\/v2\/product\/13972\/revisions"}],"predecessor-version":[{"id":16188,"href":"https:\/\/www.gonorse.com.br\/en\/wp-json\/wp\/v2\/product\/13972\/revisions\/16188"}],"wp:featuredmedia":[{"embeddable":true,"href":"https:\/\/www.gonorse.com.br\/en\/wp-json\/wp\/v2\/media\/16178"}],"wp:attachment":[{"href":"https:\/\/www.gonorse.com.br\/en\/wp-json\/wp\/v2\/media?parent=13972"}],"wp:term":[{"taxonomy":"product_brand","embeddable":true,"href":"https:\/\/www.gonorse.com.br\/en\/wp-json\/wp\/v2\/product_brand?post=13972"},{"taxonomy":"product_cat","embeddable":true,"href":"https:\/\/www.gonorse.com.br\/en\/wp-json\/wp\/v2\/product_cat?post=13972"},{"taxonomy":"product_tag","embeddable":true,"href":"https:\/\/www.gonorse.com.br\/en\/wp-json\/wp\/v2\/product_tag?post=13972"}],"curies":[{"name":"wp","href":"https:\/\/api.w.org\/{rel}","templated":true}]}}