{"id":13867,"date":"2025-10-10T17:57:43","date_gmt":"2025-10-10T17:57:43","guid":{"rendered":"https:\/\/www.gonorse.com.br\/?post_type=product&#038;p=13867"},"modified":"2025-11-21T12:44:29","modified_gmt":"2025-11-21T12:44:29","slug":"passeio-de-barco-gourmet-no-fiorde-de-oslo-com-jantar-incluso","status":"publish","type":"product","link":"https:\/\/www.gonorse.com.br\/en\/product\/passeio-de-barco-gourmet-no-fiorde-de-oslo-com-jantar-incluso\/","title":{"rendered":"Passeio de Barco Gourmet no Fiorde de Oslo com Jantar Incluso"},"content":{"rendered":"<h2><b>Um jantar com vista para o fiorde de Oslo<\/b><\/h2>\n<p><span style=\"font-weight: 400;\">Quem disse que fazer turismo precisa ser cansativo?<\/span><span style=\"font-weight: 400;\"><br \/>\n<\/span><span style=\"font-weight: 400;\"> Neste <\/span><b>cruzeiro el\u00e9trico com jantar no fiorde de Oslo<\/b><span style=\"font-weight: 400;\">, voc\u00ea viver\u00e1 uma experi\u00eancia sofisticada, relaxante e sustent\u00e1vel. Navegue por paisagens deslumbrantes enquanto saboreia um jantar completo de <\/span><b>tr\u00eas pratos inspirados na culin\u00e1ria norueguesa<\/b><span style=\"font-weight: 400;\">, preparado com ingredientes locais e de produ\u00e7\u00e3o sustent\u00e1vel.<\/span><\/p>\n<p><span style=\"font-weight: 400;\">O barco oferece <\/span><b>duas op\u00e7\u00f5es de ambiente<\/b><span style=\"font-weight: 400;\">: o conforto de um <\/span><b>lounge panor\u00e2mico aquecido<\/b><span style=\"font-weight: 400;\"> com janelas amplas, ou o <\/span><b>deck ao ar livre<\/b><span style=\"font-weight: 400;\">, perfeito para apreciar o p\u00f4r do sol sobre o fiorde. \u00c9 o passeio ideal para encerrar o dia em Oslo de forma memor\u00e1vel.<\/span><\/p>\n<h2><b>O que esperar do cruzeiro com jantar<\/b><\/h2>\n<p><span style=\"font-weight: 400;\">A experi\u00eancia come\u00e7a no p\u00eder de <\/span><b>Aker Brygge<\/b><span style=\"font-weight: 400;\">, no cora\u00e7\u00e3o de Oslo.<\/span><span style=\"font-weight: 400;\"><br \/>\n<\/span><span style=\"font-weight: 400;\"> A bordo de um <\/span><b>barco el\u00e9trico silencioso e ecol\u00f3gico<\/b><span style=\"font-weight: 400;\">, o capit\u00e3o ajusta a rota conforme o vento e o brilho do sol, garantindo sempre o <\/span><b>melhor trajeto poss\u00edvel<\/b><span style=\"font-weight: 400;\"> pelo fiorde.<\/span><\/p>\n<p><span style=\"font-weight: 400;\">Durante o percurso, voc\u00ea apreciar\u00e1 <\/span><b>vistas panor\u00e2micas<\/b><span style=\"font-weight: 400;\"> de \u00edcones da cidade como a <\/span><b>\u00d3pera de Oslo<\/b><span style=\"font-weight: 400;\">, a <\/span><b>ilha de Hoved\u00f8ya<\/b><span style=\"font-weight: 400;\">, a <\/span><b>pen\u00ednsula de Bygd\u00f8y<\/b><span style=\"font-weight: 400;\">, <\/span><b>Fornebu<\/b><span style=\"font-weight: 400;\"> e <\/span><b>Nesoddlandet<\/b><span style=\"font-weight: 400;\">.<\/span><\/p>\n<p><span style=\"font-weight: 400;\">Enquanto o cen\u00e1rio muda lentamente ao redor, os gar\u00e7ons servem um jantar de alta qualidade com pratos que representam o melhor da <\/span><b>gastronomia norueguesa moderna<\/b><span style=\"font-weight: 400;\">. A bordo, h\u00e1 ainda um <\/span><b>bar completo com bebidas e coquet\u00e9is frescos<\/b><span style=\"font-weight: 400;\"> dispon\u00edveis para compra.<\/span><\/p>\n<h4><span style=\"font-weight: 400;\">Ap\u00f3s o passeio, \u00e9 poss\u00edvel <\/span><b>permanecer no deck<\/b><span style=\"font-weight: 400;\"> aproveitando a atmosfera da noite norueguesa \u2014 o barco permanece aberto at\u00e9 <\/span><b>meia-noite<\/b><span style=\"font-weight: 400;\">.<\/span><\/h4>\n<h2><b>Menu e experi\u00eancia gastron\u00f4mica<\/b><\/h2>\n<p><span style=\"font-weight: 400;\">\ud83c\udf7d\ufe0f <\/span><b>Incluso:<\/b><span style=\"font-weight: 400;\"> Jantar completo de 3 pratos sem bebidas<\/span><\/p>\n<p><span style=\"font-weight: 400;\">\u00a0\ud83e\udd66 <\/span><b>Culin\u00e1ria:<\/b><span style=\"font-weight: 400;\"> Baseada em produtos locais e sazonais, com foco em sustentabilidade e tradi\u00e7\u00f5es norueguesas<\/span><span style=\"font-weight: 400;\"><br \/>\n<\/span><span style=\"font-weight: 400;\"> \ud83c\udf77 <\/span><b>Bar a bordo:<\/b><span style=\"font-weight: 400;\"> Bebidas e coquet\u00e9is dispon\u00edveis para compra<\/span><\/p>\n<p><span style=\"font-weight: 400;\">Um verdadeiro <\/span><b>banquete com sabor da Noruega<\/b><span style=\"font-weight: 400;\">, servido enquanto voc\u00ea desliza silenciosamente pelas \u00e1guas do fiorde.<\/span><\/p>\n<h2><b>Informa\u00e7\u00f5es pr\u00e1ticas<\/b><\/h2>\n<p><span style=\"font-weight: 400;\">\ud83d\udd52 <\/span><b>Dura\u00e7\u00e3o:<\/b><span style=\"font-weight: 400;\"> 2h30<\/span><span style=\"font-weight: 400;\"><br \/>\n<\/span><span style=\"font-weight: 400;\"> \ud83d\udcc5 <\/span><b>Dispon\u00edvel durante todo o ano<\/b><b><br \/>\n<\/b><span style=\"font-weight: 400;\"> \ud83d\udc55 <\/span><b>O que levar:<\/b><span style=\"font-weight: 400;\"> Roupas confort\u00e1veis e adequadas ao clima<\/span><span style=\"font-weight: 400;\"><br \/>\n<\/span><span style=\"font-weight: 400;\"> \u2693 <\/span><b>Instru\u00e7\u00f5es de seguran\u00e7a e informa\u00e7\u00f5es sobre o passeio<\/b><span style=\"font-weight: 400;\"> s\u00e3o dadas antes da partida<\/span><\/p>\n<h2><b>Por que escolher este passeio<\/b><\/h2>\n<p><span style=\"font-weight: 400;\">Este <\/span><b>cruzeiro el\u00e9trico com jantar em Oslo<\/b><span style=\"font-weight: 400;\"> \u00e9 a combina\u00e7\u00e3o perfeita entre <\/span><b>sustentabilidade, gastronomia e romantismo<\/b><span style=\"font-weight: 400;\">. Ideal para casais, fam\u00edlias e viajantes que desejam vivenciar a Noruega de forma aut\u00eantica, este passeio proporciona um <\/span><b>momento de tranquilidade e prazer<\/b><span style=\"font-weight: 400;\">, cercado por paisagens inesquec\u00edveis e o charme do fiorde sob as luzes da cidade.<\/span><\/p>\n<p><span style=\"font-weight: 400;\">Al\u00e9m de ser <\/span><b>totalmente silencioso e livre de emiss\u00f5es<\/b><span style=\"font-weight: 400;\">, o barco proporciona uma experi\u00eancia moderna e ecol\u00f3gica \u2014 perfeita para quem busca algo especial em Oslo.<\/span><\/p>\n<h2><b>Hor\u00e1rios<\/b><\/h2>\n<p><span style=\"font-weight: 400;\">18:00<\/span><\/p>","protected":false},"excerpt":{"rendered":"Um jantar com vista para o fiorde de Oslo Quem disse que fazer turismo precisa ser cansativo? Neste cruzeiro el\u00e9trico com jantar no fiorde de Oslo, voc\u00ea viver\u00e1 uma experi\u00eancia sofisticada, relaxante e sustent\u00e1vel. Navegue por paisagens deslumbrantes enquanto saboreia um jantar completo de tr\u00eas pratos inspirados na culin\u00e1ria norueguesa, preparado com ingredientes locais e&#8230;","protected":false},"featured_media":15899,"template":"","meta":{"_acf_changed":false,"content-type":""},"product_brand":[],"product_cat":[230],"product_tag":[],"class_list":{"0":"post-13867","1":"product","2":"type-product","3":"status-publish","4":"has-post-thumbnail","6":"product_format-product-format-activity","7":"product_cat-passeios","8":"pa_cidade-oslo","10":"first","11":"instock","12":"shipping-taxable","13":"purchasable","14":"product-type-simple"},"acf":[],"_links":{"self":[{"href":"https:\/\/www.gonorse.com.br\/en\/wp-json\/wp\/v2\/product\/13867","targetHints":{"allow":["GET"]}}],"collection":[{"href":"https:\/\/www.gonorse.com.br\/en\/wp-json\/wp\/v2\/product"}],"about":[{"href":"https:\/\/www.gonorse.com.br\/en\/wp-json\/wp\/v2\/types\/product"}],"version-history":[{"count":2,"href":"https:\/\/www.gonorse.com.br\/en\/wp-json\/wp\/v2\/product\/13867\/revisions"}],"predecessor-version":[{"id":16208,"href":"https:\/\/www.gonorse.com.br\/en\/wp-json\/wp\/v2\/product\/13867\/revisions\/16208"}],"wp:featuredmedia":[{"embeddable":true,"href":"https:\/\/www.gonorse.com.br\/en\/wp-json\/wp\/v2\/media\/15899"}],"wp:attachment":[{"href":"https:\/\/www.gonorse.com.br\/en\/wp-json\/wp\/v2\/media?parent=13867"}],"wp:term":[{"taxonomy":"product_brand","embeddable":true,"href":"https:\/\/www.gonorse.com.br\/en\/wp-json\/wp\/v2\/product_brand?post=13867"},{"taxonomy":"product_cat","embeddable":true,"href":"https:\/\/www.gonorse.com.br\/en\/wp-json\/wp\/v2\/product_cat?post=13867"},{"taxonomy":"product_tag","embeddable":true,"href":"https:\/\/www.gonorse.com.br\/en\/wp-json\/wp\/v2\/product_tag?post=13867"}],"curies":[{"name":"wp","href":"https:\/\/api.w.org\/{rel}","templated":true}]}}